{"id":147,"date":"2015-12-22T07:13:27","date_gmt":"2015-12-22T07:13:27","guid":{"rendered":"https:\/\/gaviaspreview.com\/wp\/winnex\/?page_id=147"},"modified":"2015-12-22T07:13:27","modified_gmt":"2015-12-22T07:13:27","slug":"home-3","status":"publish","type":"page","link":"https:\/\/kuremmuhasebe.com\/index.php\/home-3\/","title":{"rendered":"Home 2"},"content":{"rendered":"<p>[vc_row fullwidth=&#8221;0&#8243; row_space=&#8221;remove_padding&#8221; isfullwidth=&#8221;0&#8243;][vc_column]\n\t\t\t<!-- START slider 1 REVOLUTION SLIDER 6.5.31 --><p class=\"rs-p-wp-fix\"><\/p>\n\t\t\t<rs-module-wrap id=\"rev_slider_1_1_wrapper\" data-source=\"gallery\" style=\"visibility:hidden;background:transparent;padding:0;margin:0px auto;margin-top:0;margin-bottom:0;\">\n\t\t\t\t<rs-module id=\"rev_slider_1_1\" style=\"\" data-version=\"6.5.31\">\n\t\t\t\t\t<rs-slides>\n\t\t\t\t\t\t<rs-slide style=\"position: absolute;\" data-key=\"rs-3\" data-title=\"Slide\" data-link=\"http:\/\/kuremmuhasebe.com\/index.php\/hakkimizda\/\" data-tag=\"l\" data-target=\"_self\" data-seoz=\"front\" data-anim=\"adpr:false;\" data-in=\"o:0;\" data-out=\"a:false;\" https:\/\/kuremmuhasebe.com\/index.php\/hakkimizda\/>\n\t\t\t\t\t\t\t<img decoding=\"async\" src=\"\/\/kuremmuhasebe.com\/wp-content\/plugins\/revslider\/public\/assets\/assets\/dummy.png\" alt=\"\" title=\"slider-31.jpg\" width=\"1920\" height=\"700\" class=\"rev-slidebg tp-rs-img rs-lazyload\" data-lazyload=\"\/\/kuremmuhasebe.com\/wp-content\/uploads\/revslider\/slider-1\/slider-31.jpg\" data-panzoom=\"d:10000;ss:100;se:109;\" data-no-retina>\n<!--\n\t\t\t\t\t\t\t--><rs-layer\n\t\t\t\t\t\t\t\tid=\"slider-1-slide-3-layer-3\" \n\t\t\t\t\t\t\t\tdata-type=\"text\"\n\t\t\t\t\t\t\t\tdata-color=\"#222b2c\"\n\t\t\t\t\t\t\t\tdata-rsp_ch=\"on\"\n\t\t\t\t\t\t\t\tdata-xy=\"xo:10px;yo:202px,202px,137px,137px;\"\n\t\t\t\t\t\t\t\tdata-text=\"s:58,58,38,38;l:64,64,44,44;fw:700;\"\n\t\t\t\t\t\t\t\tdata-frame_0=\"y:50px;\"\n\t\t\t\t\t\t\t\tdata-frame_1=\"e:power2.inOut;st:260;sp:380;sR:260;\"\n\t\t\t\t\t\t\t\tdata-frame_999=\"y:-50px;o:0;e:nothing;st:w;sR:8360;\"\n\t\t\t\t\t\t\t\tstyle=\"z-index:5;font-family:'Montserrat';\"\n\t\t\t\t\t\t\t>Mali M\u00fc\u015favirlik ve<br>\nDenetim Hizmetleri!  \n\t\t\t\t\t\t\t<\/rs-layer><!--\n\n\t\t\t\t\t\t\t--><rs-layer\n\t\t\t\t\t\t\t\tid=\"slider-1-slide-3-layer-4\" \n\t\t\t\t\t\t\t\tdata-type=\"text\"\n\t\t\t\t\t\t\t\tdata-color=\"#777777||#777777||#333333||#333333\"\n\t\t\t\t\t\t\t\tdata-rsp_ch=\"on\"\n\t\t\t\t\t\t\t\tdata-xy=\"xo:13px,13px,10px,10px;yo:344px,344px,238px,238px;\"\n\t\t\t\t\t\t\t\tdata-text=\"s:16;l:28;ls:0px,0px,0,0px;\"\n\t\t\t\t\t\t\t\tdata-frame_0=\"y:50px;\"\n\t\t\t\t\t\t\t\tdata-frame_1=\"e:power2.inOut;st:910;sp:420;sR:910;\"\n\t\t\t\t\t\t\t\tdata-frame_999=\"y:-50px;o:0;e:nothing;st:w;sR:7670;\"\n\t\t\t\t\t\t\t\tstyle=\"z-index:6;font-family:'Heebo';\"\n\t\t\t\t\t\t\t>Tecr\u00fcbeli kadromuzla, Kurem muhasebe \u00e7at\u0131s\u0131 alt\u0131nda en kaliteli muhasebe ve <br \/> m\u00fc\u015favirlik hizmetini alman\u0131z i\u00e7in \u00e7al\u0131\u015f\u0131yor, firman\u0131za \u00f6zel fikirlerimizle yan\u0131n\u0131zda oluyoruz. \n\t\t\t\t\t\t\t<\/rs-layer><!--\n\n\t\t\t\t\t\t\t--><rs-layer\n\t\t\t\t\t\t\t\tid=\"slider-1-slide-3-layer-6\" \n\t\t\t\t\t\t\t\tclass=\"rev-btn\"\n\t\t\t\t\t\t\t\tdata-type=\"button\"\n\t\t\t\t\t\t\t\tdata-color=\"rgba(255, 255, 255, 1)\"\n\t\t\t\t\t\t\t\tdata-xy=\"xo:10px,10px,9px,9px;yo:433px,433px,315px,315px;\"\n\t\t\t\t\t\t\t\tdata-text=\"s:16,16,14,14;l:14,14,12,12;fw:600,600,500,500;\"\n\t\t\t\t\t\t\t\tdata-rsp_bd=\"off\"\n\t\t\t\t\t\t\t\tdata-padding=\"t:18,18,10,10;r:35,35,20,20;b:18,18,10,10;l:35,35,20,20;\"\n\t\t\t\t\t\t\t\tdata-border=\"bor:30px,30px,30px,30px;\"\n\t\t\t\t\t\t\t\tdata-frame_0=\"y:50px;\"\n\t\t\t\t\t\t\t\tdata-frame_1=\"e:power2.inOut;st:1330;sp:390;sR:1330;\"\n\t\t\t\t\t\t\t\tdata-frame_999=\"y:-50px;o:0;e:nothing;st:w;sR:7280;\"\n\t\t\t\t\t\t\t\tdata-frame_hover=\"c:#000;bgc:#fff;boc:#000;bor:30px,30px,30px,30px;bos:solid;oX:50;oY:50;sp:0;\"\n\t\t\t\t\t\t\t\tstyle=\"z-index:7;background-color:#102d5f;font-family:'Montserrat';text-transform:capitalize;cursor:pointer;outline:none;box-shadow:none;box-sizing:border-box;-moz-box-sizing:border-box;-webkit-box-sizing:border-box;\"\n\t\t\t\t\t\t\t>dEVAMINI oKU \n\t\t\t\t\t\t\t<\/rs-layer><!--\n-->\t\t\t\t\t\t<\/rs-slide>\n\t\t\t\t\t\t<rs-slide style=\"position: absolute;\" data-key=\"rs-31\" data-title=\"Slide\" data-link=\"http:\/\/kuremmuhasebe.com\/index.php\/hakkimizda\/\" data-tag=\"l\" data-target=\"_self\" data-seoz=\"front\" data-anim=\"adpr:false;\" data-in=\"o:0;\" data-out=\"a:false;\" https:\/\/kuremmuhasebe.com\/index.php\/hakkimizda\/>\n\t\t\t\t\t\t\t<img decoding=\"async\" src=\"\/\/kuremmuhasebe.com\/wp-content\/plugins\/revslider\/public\/assets\/assets\/dummy.png\" alt=\"\" title=\"slider-31.jpg\" width=\"1920\" height=\"700\" class=\"rev-slidebg tp-rs-img rs-lazyload\" data-lazyload=\"\/\/kuremmuhasebe.com\/wp-content\/uploads\/revslider\/slider-1\/slider-31.jpg\" data-panzoom=\"d:10000;ss:100;se:109;\" data-no-retina>\n<!--\n\t\t\t\t\t\t\t--><rs-layer\n\t\t\t\t\t\t\t\tid=\"slider-1-slide-31-layer-3\" \n\t\t\t\t\t\t\t\tdata-type=\"text\"\n\t\t\t\t\t\t\t\tdata-color=\"#222b2c\"\n\t\t\t\t\t\t\t\tdata-rsp_ch=\"on\"\n\t\t\t\t\t\t\t\tdata-xy=\"xo:10px;yo:202px,202px,137px,137px;\"\n\t\t\t\t\t\t\t\tdata-text=\"s:58,58,38,38;l:64,64,44,44;fw:700;\"\n\t\t\t\t\t\t\t\tdata-frame_0=\"y:50px;\"\n\t\t\t\t\t\t\t\tdata-frame_1=\"e:power2.inOut;st:260;sp:380;sR:260;\"\n\t\t\t\t\t\t\t\tdata-frame_999=\"y:-50px;o:0;e:nothing;st:w;sR:8360;\"\n\t\t\t\t\t\t\t\tstyle=\"z-index:5;font-family:'Montserrat';\"\n\t\t\t\t\t\t\t>Mali M\u00fc\u015favirlik ve<br>\nDenetim Hizmetleri!  \n\t\t\t\t\t\t\t<\/rs-layer><!--\n\n\t\t\t\t\t\t\t--><rs-layer\n\t\t\t\t\t\t\t\tid=\"slider-1-slide-31-layer-4\" \n\t\t\t\t\t\t\t\tdata-type=\"text\"\n\t\t\t\t\t\t\t\tdata-color=\"#777777||#777777||#333333||#333333\"\n\t\t\t\t\t\t\t\tdata-rsp_ch=\"on\"\n\t\t\t\t\t\t\t\tdata-xy=\"xo:13px,13px,10px,10px;yo:344px,344px,238px,238px;\"\n\t\t\t\t\t\t\t\tdata-text=\"s:16;l:28;ls:0px,0px,0,0px;\"\n\t\t\t\t\t\t\t\tdata-frame_0=\"y:50px;\"\n\t\t\t\t\t\t\t\tdata-frame_1=\"e:power2.inOut;st:910;sp:420;sR:910;\"\n\t\t\t\t\t\t\t\tdata-frame_999=\"y:-50px;o:0;e:nothing;st:w;sR:7670;\"\n\t\t\t\t\t\t\t\tstyle=\"z-index:6;font-family:'Heebo';\"\n\t\t\t\t\t\t\t>Tecr\u00fcbeli kadromuzla, Kurem muhasebe \u00e7at\u0131s\u0131 alt\u0131nda en kaliteli muhasebe ve <br \/> m\u00fc\u015favirlik hizmetini alman\u0131z i\u00e7in \u00e7al\u0131\u015f\u0131yor, firman\u0131za \u00f6zel fikirlerimizle yan\u0131n\u0131zda oluyoruz. \n\t\t\t\t\t\t\t<\/rs-layer><!--\n\n\t\t\t\t\t\t\t--><rs-layer\n\t\t\t\t\t\t\t\tid=\"slider-1-slide-31-layer-6\" \n\t\t\t\t\t\t\t\tclass=\"rev-btn\"\n\t\t\t\t\t\t\t\tdata-type=\"button\"\n\t\t\t\t\t\t\t\tdata-color=\"rgba(255, 255, 255, 1)\"\n\t\t\t\t\t\t\t\tdata-xy=\"xo:10px,10px,9px,9px;yo:433px,433px,315px,315px;\"\n\t\t\t\t\t\t\t\tdata-text=\"s:16,16,14,14;l:14,14,12,12;fw:600,600,500,500;\"\n\t\t\t\t\t\t\t\tdata-rsp_bd=\"off\"\n\t\t\t\t\t\t\t\tdata-padding=\"t:18,18,10,10;r:35,35,20,20;b:18,18,10,10;l:35,35,20,20;\"\n\t\t\t\t\t\t\t\tdata-border=\"bor:30px,30px,30px,30px;\"\n\t\t\t\t\t\t\t\tdata-frame_0=\"y:50px;\"\n\t\t\t\t\t\t\t\tdata-frame_1=\"e:power2.inOut;st:1330;sp:390;sR:1330;\"\n\t\t\t\t\t\t\t\tdata-frame_999=\"y:-50px;o:0;e:nothing;st:w;sR:7280;\"\n\t\t\t\t\t\t\t\tdata-frame_hover=\"c:#000;bgc:#fff;boc:#000;bor:30px,30px,30px,30px;bos:solid;oX:50;oY:50;sp:0;\"\n\t\t\t\t\t\t\t\tstyle=\"z-index:7;background-color:#102d5f;font-family:'Montserrat';text-transform:capitalize;cursor:pointer;outline:none;box-shadow:none;box-sizing:border-box;-moz-box-sizing:border-box;-webkit-box-sizing:border-box;\"\n\t\t\t\t\t\t\t>dEVAMINI oKU \n\t\t\t\t\t\t\t<\/rs-layer><!--\n-->\t\t\t\t\t\t<\/rs-slide>\n\t\t\t\t\t<\/rs-slides>\n\t\t\t\t<\/rs-module>\n\t\t\t\t<script>\n\t\t\t\t\tsetREVStartSize({c: 'rev_slider_1_1',rl:[1240,1240,778,778],el:[700,700,500,500],gw:[1170,1170,778,778],gh:[700,700,500,500],type:'standard',justify:'',layout:'fullwidth',mh:\"0\"});if (window.RS_MODULES!==undefined && window.RS_MODULES.modules!==undefined && window.RS_MODULES.modules[\"revslider11\"]!==undefined) {window.RS_MODULES.modules[\"revslider11\"].once = false;window.revapi1 = undefined;if (window.RS_MODULES.checkMinimal!==undefined) window.RS_MODULES.checkMinimal()}\n\t\t\t\t<\/script>\n\t\t\t<\/rs-module-wrap>\n\t\t\t<!-- END REVOLUTION SLIDER -->\n[\/vc_column][\/vc_row][vc_row equal_height=&#8221;yes&#8221;][vc_column][vc_row_inner][vc_column_inner][gva_block_heading title=&#8221;Why choose us ?&#8221; desc=&#8221;Build strategies, build confidence, build your business.&#8221;][\/vc_column_inner][\/vc_row_inner][vc_row_inner][vc_column_inner width=&#8221;1\/3&#8243; offset=&#8221;vc_col-xs-6&#8243;][gva_icon_box title=&#8221;Global Partnership&#8221; description=&#8221;Nemo enim ipsam voluptatem quia voluptas sit aut odit aut fugit, quia consequuntur magni natus dolores eos voluptatem.&#8221; link=&#8221;#&#8221; icon_width=&#8221;fa-2x&#8221; image=&#8221;3494&#8243;][\/vc_column_inner][vc_column_inner width=&#8221;1\/3&#8243; offset=&#8221;vc_col-xs-6&#8243;][gva_icon_box title=&#8221;Defined by our People&#8221; description=&#8221;No one rejects, dislikes, or avoids pleasure itself, because it is pleasure, but because those who do not know how to pursue pleasure.&#8221; link=&#8221;#&#8221; icon_width=&#8221;fa-2x&#8221; image=&#8221;3495&#8243;][\/vc_column_inner][vc_column_inner width=&#8221;1\/3&#8243; offset=&#8221;vc_col-xs-12&#8243;][gva_icon_box title=&#8221;Powered by Knowledge&#8221; description=&#8221;On the other hand, we denounce with righteous indignation and dislike men who are so beguiled and demoralized by the charms.&#8221; link=&#8221;#&#8221; icon_width=&#8221;fa-2x&#8221; image=&#8221;3496&#8243;][\/vc_column_inner][\/vc_row_inner][\/vc_column][\/vc_row][vc_row css=&#8221;.vc_custom_1539230147238{background-image: url(https:\/\/gaviaspreview.com\/wp\/winnex\/wp-contenthttps:\/\/kuremmuhasebe.com\/wp-content\/uploads\/2018\/10\/bg-1.jpg?id=3505) !important;}&#8221;][vc_column][gva_block_heading title=&#8221;Industries&#8221; desc=&#8221;Build strategies, build confidence, build your business.&#8221;][gva_services_carousel items_lg=&#8221;3&#8243; items_md=&#8221;3&#8243; items_sm=&#8221;2&#8243; items_xs=&#8221;2&#8243; ca_pagination=&#8221;0&#8243;][\/vc_column][\/vc_row][vc_row parallax=&#8221;content-moving&#8221; parallax_image=&#8221;3513&#8243; row_space=&#8221;padding-small&#8221;][vc_column][gva_call_to_action title=&#8221;Consultant Zinzio always with you&#8221; button_align=&#8221;button-center&#8221; subtitle=&#8221;We are working hard to&#8221; width=&#8221;990px&#8221;]Are you looking to grow, or even launch, your business?[\/gva_call_to_action][\/vc_column][\/vc_row][vc_row][vc_column width=&#8221;2\/3&#8243; offset=&#8221;vc_col-lg-8 vc_col-md-8 vc_col-xs-12&#8243;][gva_block_heading title=&#8221;Benefits package&#8221; align=&#8221;align-left&#8221; desc=&#8221;Build strategies, build confidence, build your business.&#8221;][gva_portfolio_carousel per_page=&#8221;5&#8243; style_display=&#8221;item-v2&#8243; remove_padding=&#8221;&#8221; items_lg=&#8221;2&#8243; items_md=&#8221;2&#8243; items_sm=&#8221;2&#8243; items_xs=&#8221;2&#8243; ca_navigation=&#8221;0&#8243;][\/vc_column][vc_column width=&#8221;1\/3&#8243; offset=&#8221;vc_col-lg-4 vc_col-md-4 vc_col-xs-12&#8243; el_class=&#8221;column-border&#8221;][gva_block_heading title=&#8221;Request Call Back.&#8221; style=&#8221;style-2&#8243; align=&#8221;align-left&#8221; desc=&#8221;Would you like to speak to one of our financial advisers over the phone? Just submit your details.&#8221;]\n<div class=\"wpcf7 no-js\" id=\"wpcf7-f3500-o1\" lang=\"en-US\" dir=\"ltr\" data-wpcf7-id=\"3500\">\n<div class=\"screen-reader-response\"><p role=\"status\" aria-live=\"polite\" aria-atomic=\"true\"><\/p> <ul><\/ul><\/div>\n<form action=\"\/index.php\/wp-json\/wp\/v2\/pages\/147#wpcf7-f3500-o1\" method=\"post\" class=\"wpcf7-form init\" aria-label=\"Contact form\" novalidate=\"novalidate\" data-status=\"init\">\n<fieldset class=\"hidden-fields-container\"><input type=\"hidden\" name=\"_wpcf7\" value=\"3500\" \/><input type=\"hidden\" name=\"_wpcf7_version\" value=\"6.1.5\" \/><input type=\"hidden\" name=\"_wpcf7_locale\" value=\"en_US\" \/><input type=\"hidden\" name=\"_wpcf7_unit_tag\" value=\"wpcf7-f3500-o1\" \/><input type=\"hidden\" name=\"_wpcf7_container_post\" value=\"0\" \/><input type=\"hidden\" name=\"_wpcf7_posted_data_hash\" value=\"\" \/><input type=\"hidden\" name=\"_wpcf7_recaptcha_response\" value=\"\" \/>\n<\/fieldset>\n<div class=\"request-call-back-form\">\n\t<div class=\"form-item\">\n\t\t<p><span class=\"wpcf7-form-control-wrap\" data-name=\"your-request\"><select class=\"wpcf7-form-control wpcf7-select\" aria-invalid=\"false\" name=\"your-request\"><option value=\"How can we help\">How can we help<\/option><option value=\"I would like to discuss\">I would like to discuss<\/option><option value=\"Retirement Planning\">Retirement Planning<\/option><option value=\"Global consumer insights\">Global consumer insights<\/option><\/select><\/span>\n\t\t<\/p>\n\t<\/div>\n\t<div class=\"form-item\">\n\t\t<p><span class=\"wpcf7-form-control-wrap\" data-name=\"your-name\"><input size=\"40\" maxlength=\"400\" class=\"wpcf7-form-control wpcf7-text wpcf7-validates-as-required\" aria-required=\"true\" aria-invalid=\"false\" placeholder=\"Your Name *\" value=\"\" type=\"text\" name=\"your-name\" \/><\/span>\n\t\t<\/p>\n\t<\/div>\n\t<div class=\"form-item\">\n\t\t<p><span class=\"wpcf7-form-control-wrap\" data-name=\"your-phone\"><input size=\"40\" maxlength=\"400\" class=\"wpcf7-form-control wpcf7-tel wpcf7-validates-as-required wpcf7-text wpcf7-validates-as-tel\" aria-required=\"true\" aria-invalid=\"false\" placeholder=\"Your Phone Number*\" value=\"\" type=\"tel\" name=\"your-phone\" \/><\/span>\n\t\t<\/p>\n\t<\/div>\n\t<div class=\"form-item\">\n\t\t<p><span class=\"wpcf7-form-control-wrap\" data-name=\"your-email\"><input size=\"40\" maxlength=\"400\" class=\"wpcf7-form-control wpcf7-email wpcf7-validates-as-required wpcf7-text wpcf7-validates-as-email\" aria-required=\"true\" aria-invalid=\"false\" placeholder=\"Your Email*\" value=\"\" type=\"email\" name=\"your-email\" \/><\/span>\n\t\t<\/p>\n\t<\/div>\n\n\t<div class=\"form-item submit\">\n\t\t<p><input class=\"wpcf7-form-control wpcf7-submit has-spinner\" type=\"submit\" value=\"Submit\" \/>\n\t\t<\/p>\n\t<\/div>\n<\/div><div class=\"wpcf7-response-output\" aria-hidden=\"true\"><\/div>\n<\/form>\n<\/div>\n[\/vc_column][\/vc_row][vc_row fullwidth=&#8221;0&#8243; row_space=&#8221;remove_padding&#8221;][vc_column][gva_team_carousel remove_padding=&#8221;true&#8221; excerpt_words=&#8221;0&#8243; items_lg=&#8221;5&#8243; items_md=&#8221;4&#8243; items_sm=&#8221;3&#8243; items_xs=&#8221;2&#8243; ca_pagination=&#8221;0&#8243;][\/vc_column][\/vc_row][vc_row][vc_column][gva_block_heading title=&#8221;1000+ Happy Clients&#8221; align=&#8221;align-left&#8221; desc=&#8221;Build strategies, build confidence, build your business.&#8221;][gva_testimonial items_lg=&#8221;2&#8243; items_md=&#8221;2&#8243; items_sm=&#8221;2&#8243; items_xs=&#8221;1&#8243;][\/vc_column][\/vc_row][vc_row parallax=&#8221;content-moving&#8221; parallax_image=&#8221;3513&#8243; row_space=&#8221;padding-small&#8221;][vc_column][gva_call_to_action title=&#8221;Trusted us by over 10,000 local businesses&#8221; button_align=&#8221;button-center&#8221; subtitle=&#8221;We are working hard to&#8221; width=&#8221;990px&#8221; link=&#8221;#&#8221; text_link=&#8221;Get a Quote&#8221; quick_text=&#8221;+84 988 449 259&#8243;]We work for a wide variety of clients in both the private and public sectors.[\/gva_call_to_action][\/vc_column][\/vc_row][vc_row row_space=&#8221;padding-extra-small&#8221; css=&#8221;.vc_custom_1539243773000{background-color: #f6f6f6 !important;}&#8221;][vc_column][gva_brands items_lg=&#8221;5&#8243; items_md=&#8221;4&#8243; items_sm=&#8221;3&#8243; items_xs=&#8221;2&#8243; ca_navigation=&#8221;0&#8243; ca_pagination=&#8221;0&#8243;][\/vc_column][\/vc_row][vc_row][vc_column][gva_block_heading title=&#8221;Tips &amp; News&#8221; desc=&#8221;Build strategies, build confidence, build your business.&#8221;][gva_blogs_carousel excerpt_words=&#8221;0&#8243; items_lg=&#8221;3&#8243; items_md=&#8221;3&#8243; items_sm=&#8221;2&#8243; items_xs=&#8221;2&#8243; ca_pagination=&#8221;0&#8243; loop=&#8221;size:4|order_by:date|post_type:post&#8221;][\/vc_column][\/vc_row]<\/p>\n","protected":false},"excerpt":{"rendered":"<p>[vc_row fullwidth=&#8221;0&#8243; row_space=&#8221;remove_padding&#8221; isfullwidth=&#8221;0&#8243;][vc_column][\/vc_column][\/vc_row][vc_row equal_height=&#8221;yes&#8221;][vc_column][vc_row_inner][vc_column_inner][gva_block_heading title=&#8221;Why choose us ?&#8221; desc=&#8221;Build strategies, build confidence, build your business.&#8221;][\/vc_column_inner][\/vc_row_inner][vc_row_inner][vc_column_inner width=&#8221;1\/3&#8243; offset=&#8221;vc_col-xs-6&#8243;][gva_icon_box title=&#8221;Global Partnership&#8221; description=&#8221;Nemo enim ipsam voluptatem quia voluptas sit aut odit aut fugit, quia consequuntur magni natus dolores eos voluptatem.&#8221; link=&#8221;#&#8221; icon_width=&#8221;fa-2x&#8221; image=&#8221;3494&#8243;][\/vc_column_inner][vc_column_inner width=&#8221;1\/3&#8243; offset=&#8221;vc_col-xs-6&#8243;][gva_icon_box title=&#8221;Defined by our People&#8221; description=&#8221;No one rejects, dislikes, or avoids pleasure itself, [&hellip;]<\/p>\n","protected":false},"author":1,"featured_media":0,"parent":0,"menu_order":0,"comment_status":"closed","ping_status":"closed","template":"","meta":{"_themeisle_gutenberg_block_has_review":false,"footnotes":""},"class_list":["post-147","page","type-page","status-publish","hentry"],"_links":{"self":[{"href":"https:\/\/kuremmuhasebe.com\/index.php\/wp-json\/wp\/v2\/pages\/147","targetHints":{"allow":["GET"]}}],"collection":[{"href":"https:\/\/kuremmuhasebe.com\/index.php\/wp-json\/wp\/v2\/pages"}],"about":[{"href":"https:\/\/kuremmuhasebe.com\/index.php\/wp-json\/wp\/v2\/types\/page"}],"author":[{"embeddable":true,"href":"https:\/\/kuremmuhasebe.com\/index.php\/wp-json\/wp\/v2\/users\/1"}],"replies":[{"embeddable":true,"href":"https:\/\/kuremmuhasebe.com\/index.php\/wp-json\/wp\/v2\/comments?post=147"}],"version-history":[{"count":0,"href":"https:\/\/kuremmuhasebe.com\/index.php\/wp-json\/wp\/v2\/pages\/147\/revisions"}],"wp:attachment":[{"href":"https:\/\/kuremmuhasebe.com\/index.php\/wp-json\/wp\/v2\/media?parent=147"}],"curies":[{"name":"wp","href":"https:\/\/api.w.org\/{rel}","templated":true}]}}